{"id":12323,"date":"2025-01-31T13:06:36","date_gmt":"2025-01-31T11:06:36","guid":{"rendered":"https:\/\/www.notarypublic24.com\/brief-zur-ueberpruefung-der-beschaeftigung\/"},"modified":"2025-02-24T22:57:11","modified_gmt":"2025-02-24T20:57:11","slug":"brief-zur-ueberpruefung-der-beschaeftigung","status":"publish","type":"page","link":"https:\/\/www.notarypublic24.com\/de\/brief-zur-ueberpruefung-der-beschaeftigung\/","title":{"rendered":"Brief zur \u00dcberpr\u00fcfung der Besch\u00e4ftigung"},"content":{"rendered":"","protected":false},"excerpt":{"rendered":"","protected":false},"author":14,"featured_media":0,"parent":0,"menu_order":0,"comment_status":"closed","ping_status":"closed","template":"","meta":{"_acf_changed":false,"footnotes":""},"categories":[],"class_list":["post-12323","page","type-page","status-publish","hentry"],"acf":[],"_links":{"self":[{"href":"https:\/\/www.notarypublic24.com\/de\/wp-json\/wp\/v2\/pages\/12323","targetHints":{"allow":["GET"]}}],"collection":[{"href":"https:\/\/www.notarypublic24.com\/de\/wp-json\/wp\/v2\/pages"}],"about":[{"href":"https:\/\/www.notarypublic24.com\/de\/wp-json\/wp\/v2\/types\/page"}],"author":[{"embeddable":true,"href":"https:\/\/www.notarypublic24.com\/de\/wp-json\/wp\/v2\/users\/14"}],"replies":[{"embeddable":true,"href":"https:\/\/www.notarypublic24.com\/de\/wp-json\/wp\/v2\/comments?post=12323"}],"version-history":[{"count":3,"href":"https:\/\/www.notarypublic24.com\/de\/wp-json\/wp\/v2\/pages\/12323\/revisions"}],"predecessor-version":[{"id":13945,"href":"https:\/\/www.notarypublic24.com\/de\/wp-json\/wp\/v2\/pages\/12323\/revisions\/13945"}],"wp:attachment":[{"href":"https:\/\/www.notarypublic24.com\/de\/wp-json\/wp\/v2\/media?parent=12323"}],"wp:term":[{"taxonomy":"category","embeddable":true,"href":"https:\/\/www.notarypublic24.com\/de\/wp-json\/wp\/v2\/categories?post=12323"}],"curies":[{"name":"wp","href":"https:\/\/api.w.org\/{rel}","templated":true}]}}