{"id":20251,"date":"2025-07-04T09:47:22","date_gmt":"2025-07-04T07:47:22","guid":{"rendered":"https:\/\/notarypublic24.qte.dev\/?page_id=20251"},"modified":"2025-07-04T09:47:22","modified_gmt":"2025-07-04T07:47:22","slug":"datenschutzbestimmungen","status":"publish","type":"page","link":"https:\/\/www.notarypublic24.com\/de\/datenschutzbestimmungen\/","title":{"rendered":"Datenschutzbestimmungen"},"content":{"rendered":"<h3>Allgemeine Gesch\u00e4ftsbedingungen f\u00fcr NotaryPublic24.com<\/h3>\n<p><strong>Zuletzt aktualisiert: 2023-09-11<\/strong><\/p>\n<p><strong>WICHTIG: BITTE LESEN SIE DIESE BEDINGUNGEN UND KONDITIONEN SORGF\u00c4LTIG DURCH, BEVOR SIE DIESE WEBSITE NUTZEN.<\/strong><\/p>\n<h4>Akzeptanz der Bedingungen<\/h4>\n<p>Durch den Zugriff auf die Website NotaryPublic24.com (&#8222;Website&#8220;) und die Dienste (&#8222;Dienste&#8220;) erkl\u00e4ren Sie sich mit diesen Allgemeinen Gesch\u00e4ftsbedingungen (&#8222;Bedingungen&#8220;) einverstanden und sind an diese gebunden. Wenn Sie mit diesen Bedingungen nicht einverstanden sind, nutzen Sie diese Website bitte nicht. <\/p>\n<h4>Beschreibung des Dienstes<\/h4>\n<p>NotaryPublic24.com ist ein Anbieter von notariellen Online-Diensten. Wir erm\u00f6glichen die notarielle Beglaubigung und Apostille von Dokumenten. Bitte beachten Sie, dass eine Apostille keine \u00dcberpr\u00fcfung des Inhalts der Dokumente darstellt.  <\/p>\n<h4>Haftungsbeschr\u00e4nkung und Gew\u00e4hrleistungsausschluss<\/h4>\n<p>Wir k\u00f6nnen nicht garantieren, dass ein Dritter, der \u00fcber unsere Dienste notariell beglaubigte Dokumente \u00fcberpr\u00fcft, diese auch akzeptiert. Wir \u00fcbernehmen keine Verantwortung f\u00fcr die Weigerung einer dritten Partei, ein \u00fcber unsere Dienste beglaubigtes Dokument zu akzeptieren. Wir werden jedoch eine R\u00fcckerstattung vornehmen, wenn ein Land, das der Apostille-Konvention angeh\u00f6rt, sich aus irgendeinem Grund weigert, das apostillierte Dokument zu akzeptieren. Au\u00dferdem pr\u00fcft NotaryPublic24.com nicht den Inhalt der Dokumente, die Sie beglaubigen lassen m\u00f6chten. Die Aufgabe eines Notars ist es, die Unterzeichnung von Dokumenten zu bezeugen und die Identit\u00e4t der Unterzeichner zu \u00fcberpr\u00fcfen, und nicht, die Richtigkeit oder Rechtm\u00e4\u00dfigkeit der Dokumente selbst zu gew\u00e4hrleisten, au\u00dfer sie zu best\u00e4tigen.  <\/p>\n<h4>Datenschutzbestimmungen<\/h4>\n<p>Ihre Privatsph\u00e4re ist uns wichtig. Unsere Datenschutzrichtlinie ist durch Verweis in diese Bedingungen integriert und enth\u00e4lt weitere Informationen \u00fcber die Erfassung und Verwendung Ihrer Daten. <\/p>\n<h4>Benutzerverhalten<\/h4>\n<p>Durch die Nutzung dieser Website verpflichten Sie sich, keine Dokumente zu f\u00e4lschen, NotaryPublic24.com oder die Notare, die \u00fcber diese Website arbeiten, irrezuf\u00fchren oder zu t\u00e4uschen. Solche Aktivit\u00e4ten f\u00fchren zur Beendigung der Dienste und k\u00f6nnen rechtliche Schritte nach sich ziehen. <\/p>\n<h4>Beendigung des Dienstes<\/h4>\n<p>Wir behalten uns das Recht vor, den Zugang zu unseren Diensten ohne Vorank\u00fcndigung zu beenden oder auszusetzen, wenn wir der Meinung sind, dass das Verhalten gegen diese Bedingungen verst\u00f6\u00dft oder f\u00fcr uns, unsere Nutzer oder Dritte sch\u00e4dlich ist, oder aus jedem anderen Grund.<\/p>\n<h4>\u00c4nderungen der Bedingungen<\/h4>\n<p>NotaryPublic24.com kann diese Bedingungen von Zeit zu Zeit \u00e4ndern. Wenn wir dies tun, aktualisieren wir das Datum &#8222;Letzte Aktualisierung&#8220;. Wenn Sie diese Website nach der Ver\u00f6ffentlichung von \u00c4nderungen weiterhin nutzen, erkl\u00e4ren Sie sich mit diesen \u00c4nderungen einverstanden.  <\/p>\n<h4>Kontaktinformationen<\/h4>\n<p>Wenn Sie Fragen zu diesen Bedingungen haben, kontaktieren Sie uns bitte unter info@notarypublic24.com.<\/p>\n","protected":false},"excerpt":{"rendered":"<p>Allgemeine Gesch\u00e4ftsbedingungen f\u00fcr NotaryPublic24.com Zuletzt aktualisiert: 2023-09-11 WICHTIG: BITTE LESEN SIE DIESE BEDINGUNGEN UND KONDITIONEN SORGF\u00c4LTIG DURCH, BEVOR SIE DIESE WEBSITE NUTZEN. Akzeptanz der Bedingungen Durch den Zugriff auf die Website NotaryPublic24.com (&#8222;Website&#8220;) und die Dienste (&#8222;Dienste&#8220;) erkl\u00e4ren Sie sich mit diesen Allgemeinen Gesch\u00e4ftsbedingungen (&#8222;Bedingungen&#8220;) einverstanden und sind an diese gebunden. Wenn Sie mit diesen [&hellip;]<\/p>\n","protected":false},"author":20,"featured_media":0,"parent":0,"menu_order":0,"comment_status":"closed","ping_status":"closed","template":"","meta":{"_acf_changed":false,"footnotes":""},"categories":[],"class_list":["post-20251","page","type-page","status-publish","hentry"],"acf":[],"_links":{"self":[{"href":"https:\/\/www.notarypublic24.com\/de\/wp-json\/wp\/v2\/pages\/20251","targetHints":{"allow":["GET"]}}],"collection":[{"href":"https:\/\/www.notarypublic24.com\/de\/wp-json\/wp\/v2\/pages"}],"about":[{"href":"https:\/\/www.notarypublic24.com\/de\/wp-json\/wp\/v2\/types\/page"}],"author":[{"embeddable":true,"href":"https:\/\/www.notarypublic24.com\/de\/wp-json\/wp\/v2\/users\/20"}],"replies":[{"embeddable":true,"href":"https:\/\/www.notarypublic24.com\/de\/wp-json\/wp\/v2\/comments?post=20251"}],"version-history":[{"count":1,"href":"https:\/\/www.notarypublic24.com\/de\/wp-json\/wp\/v2\/pages\/20251\/revisions"}],"predecessor-version":[{"id":20253,"href":"https:\/\/www.notarypublic24.com\/de\/wp-json\/wp\/v2\/pages\/20251\/revisions\/20253"}],"wp:attachment":[{"href":"https:\/\/www.notarypublic24.com\/de\/wp-json\/wp\/v2\/media?parent=20251"}],"wp:term":[{"taxonomy":"category","embeddable":true,"href":"https:\/\/www.notarypublic24.com\/de\/wp-json\/wp\/v2\/categories?post=20251"}],"curies":[{"name":"wp","href":"https:\/\/api.w.org\/{rel}","templated":true}]}}