{"id":11908,"date":"2025-01-14T10:50:13","date_gmt":"2025-01-14T08:50:13","guid":{"rendered":"https:\/\/www.notarypublic24.com\/product\/aktionaersstruktur-beglaubigung\/"},"modified":"2025-09-04T13:08:26","modified_gmt":"2025-09-04T11:08:26","slug":"aktionaersstruktur-beglaubigung","status":"publish","type":"product","link":"https:\/\/www.notarypublic24.com\/de\/product\/aktionaersstruktur-beglaubigung\/","title":{"rendered":"Aktion\u00e4rsstruktur"},"content":{"rendered":"","protected":false},"excerpt":{"rendered":"<p>Mit NotaryPublic24 k\u00f6nnen Sie Ihre wichtigen Dokumente bequem von zu Hause oder Ihrem B\u00fcro aus notariell beglaubigen und apostillieren lassen.<\/p>\n","protected":false},"featured_media":11138,"template":"","meta":{"_acf_changed":false},"product_brand":[],"product_cat":[],"product_tag":[],"class_list":{"0":"post-11908","1":"product","2":"type-product","3":"status-publish","4":"has-post-thumbnail","7":"first","8":"instock","9":"shipping-taxable","10":"purchasable","11":"product-type-simple"},"acf":[],"_links":{"self":[{"href":"https:\/\/www.notarypublic24.com\/de\/wp-json\/wp\/v2\/product\/11908","targetHints":{"allow":["GET"]}}],"collection":[{"href":"https:\/\/www.notarypublic24.com\/de\/wp-json\/wp\/v2\/product"}],"about":[{"href":"https:\/\/www.notarypublic24.com\/de\/wp-json\/wp\/v2\/types\/product"}],"wp:featuredmedia":[{"embeddable":true,"href":"https:\/\/www.notarypublic24.com\/de\/wp-json\/wp\/v2\/media\/11138"}],"wp:attachment":[{"href":"https:\/\/www.notarypublic24.com\/de\/wp-json\/wp\/v2\/media?parent=11908"}],"wp:term":[{"taxonomy":"product_brand","embeddable":true,"href":"https:\/\/www.notarypublic24.com\/de\/wp-json\/wp\/v2\/product_brand?post=11908"},{"taxonomy":"product_cat","embeddable":true,"href":"https:\/\/www.notarypublic24.com\/de\/wp-json\/wp\/v2\/product_cat?post=11908"},{"taxonomy":"product_tag","embeddable":true,"href":"https:\/\/www.notarypublic24.com\/de\/wp-json\/wp\/v2\/product_tag?post=11908"}],"curies":[{"name":"wp","href":"https:\/\/api.w.org\/{rel}","templated":true}]}}