{"id":11913,"date":"2024-11-24T11:41:59","date_gmt":"2024-11-24T09:41:59","guid":{"rendered":"https:\/\/www.notarypublic24.com\/product\/minderjaehrige-reiseeinwilligung-beglaubigung\/"},"modified":"2025-09-04T13:44:45","modified_gmt":"2025-09-04T11:44:45","slug":"minderjaehrige-reiseeinwilligung-beglaubigung","status":"publish","type":"product","link":"https:\/\/www.notarypublic24.com\/de\/product\/minderjaehrige-reiseeinwilligung-beglaubigung\/","title":{"rendered":"Zustimmung zu Reisen f\u00fcr Minderj\u00e4hrige"},"content":{"rendered":"","protected":false},"excerpt":{"rendered":"<p>Mit NotaryPublic24 k\u00f6nnen Sie Ihre wichtigen Dokumente bequem von zu Hause oder Ihrem B\u00fcro aus notariell beglaubigen und apostillieren lassen.<\/p>\n","protected":false},"featured_media":8803,"template":"","meta":{"_acf_changed":false},"product_brand":[],"product_cat":[],"product_tag":[],"class_list":{"0":"post-11913","1":"product","2":"type-product","3":"status-publish","4":"has-post-thumbnail","7":"first","8":"instock","9":"shipping-taxable","10":"purchasable","11":"product-type-simple"},"acf":[],"_links":{"self":[{"href":"https:\/\/www.notarypublic24.com\/de\/wp-json\/wp\/v2\/product\/11913","targetHints":{"allow":["GET"]}}],"collection":[{"href":"https:\/\/www.notarypublic24.com\/de\/wp-json\/wp\/v2\/product"}],"about":[{"href":"https:\/\/www.notarypublic24.com\/de\/wp-json\/wp\/v2\/types\/product"}],"wp:featuredmedia":[{"embeddable":true,"href":"https:\/\/www.notarypublic24.com\/de\/wp-json\/wp\/v2\/media\/8803"}],"wp:attachment":[{"href":"https:\/\/www.notarypublic24.com\/de\/wp-json\/wp\/v2\/media?parent=11913"}],"wp:term":[{"taxonomy":"product_brand","embeddable":true,"href":"https:\/\/www.notarypublic24.com\/de\/wp-json\/wp\/v2\/product_brand?post=11913"},{"taxonomy":"product_cat","embeddable":true,"href":"https:\/\/www.notarypublic24.com\/de\/wp-json\/wp\/v2\/product_cat?post=11913"},{"taxonomy":"product_tag","embeddable":true,"href":"https:\/\/www.notarypublic24.com\/de\/wp-json\/wp\/v2\/product_tag?post=11913"}],"curies":[{"name":"wp","href":"https:\/\/api.w.org\/{rel}","templated":true}]}}