{"id":11919,"date":"2024-10-13T20:28:16","date_gmt":"2024-10-13T18:28:16","guid":{"rendered":"https:\/\/www.notarypublic24.com\/product\/eidesstattliche-erklaerung-beglaubigung\/"},"modified":"2025-09-04T15:34:17","modified_gmt":"2025-09-04T13:34:17","slug":"eidesstattliche-erklaerung-beglaubigung","status":"publish","type":"product","link":"https:\/\/www.notarypublic24.com\/de\/product\/eidesstattliche-erklaerung-beglaubigung\/","title":{"rendered":"Eidesstattliche Erkl\u00e4rung Beglaubigung"},"content":{"rendered":"","protected":false},"excerpt":{"rendered":"<p>Mit NotaryPublic24 k\u00f6nnen Sie Ihre wichtigen Dokumente bequem von zu Hause oder Ihrem B\u00fcro aus notariell beglaubigen und apostillieren lassen.<\/p>\n","protected":false},"featured_media":6541,"template":"","meta":{"_acf_changed":false},"product_brand":[],"product_cat":[],"product_tag":[],"class_list":{"0":"post-11919","1":"product","2":"type-product","3":"status-publish","4":"has-post-thumbnail","7":"first","8":"instock","9":"shipping-taxable","10":"purchasable","11":"product-type-simple"},"acf":[],"_links":{"self":[{"href":"https:\/\/www.notarypublic24.com\/de\/wp-json\/wp\/v2\/product\/11919","targetHints":{"allow":["GET"]}}],"collection":[{"href":"https:\/\/www.notarypublic24.com\/de\/wp-json\/wp\/v2\/product"}],"about":[{"href":"https:\/\/www.notarypublic24.com\/de\/wp-json\/wp\/v2\/types\/product"}],"wp:featuredmedia":[{"embeddable":true,"href":"https:\/\/www.notarypublic24.com\/de\/wp-json\/wp\/v2\/media\/6541"}],"wp:attachment":[{"href":"https:\/\/www.notarypublic24.com\/de\/wp-json\/wp\/v2\/media?parent=11919"}],"wp:term":[{"taxonomy":"product_brand","embeddable":true,"href":"https:\/\/www.notarypublic24.com\/de\/wp-json\/wp\/v2\/product_brand?post=11919"},{"taxonomy":"product_cat","embeddable":true,"href":"https:\/\/www.notarypublic24.com\/de\/wp-json\/wp\/v2\/product_cat?post=11919"},{"taxonomy":"product_tag","embeddable":true,"href":"https:\/\/www.notarypublic24.com\/de\/wp-json\/wp\/v2\/product_tag?post=11919"}],"curies":[{"name":"wp","href":"https:\/\/api.w.org\/{rel}","templated":true}]}}