{"id":10768,"date":"2023-04-14T06:12:13","date_gmt":"2023-04-14T04:12:13","guid":{"rendered":"https:\/\/www.notarypublic24.com\/terminos-y-condiciones\/"},"modified":"2025-05-06T07:48:04","modified_gmt":"2025-05-06T05:48:04","slug":"terminos-y-condiciones","status":"publish","type":"page","link":"https:\/\/www.notarypublic24.com\/es\/terminos-y-condiciones\/","title":{"rendered":"Cl\u00e1usulas y condiciones"},"content":{"rendered":"<h3>Cl\u00e1usulas y condiciones de NotaryPublic24.com<\/h3>\n<p><strong>\u00daltima actualizaci\u00f3n: 11\/09\/2023<\/strong><\/p>\n<p><strong>IMPORTANTE: LEA DETENIDAMENTE ESTAS CL\u00c1USULAS Y CONDICIONES ANTES DE UTILIZAR ESTE SITIO WEB.<\/strong><\/p>\n<h4>Aceptaci\u00f3n de las condiciones<\/h4>\n<p>Al acceder o utilizar el sitio web NotaryPublic24.com (en lo sucesivo, \u00abSitio Web\u00bb) y los servicios (en lo sucesivo, \u00abServicios\u00bb), acepta cumplir y quedar vinculado por estas cl\u00e1usulas y condiciones (en lo sucesivo, \u00abCondiciones\u00bb). Si no acepta estas Condiciones, no utilice este Sitio Web. <\/p>\n<h4>Descripci\u00f3n de los Servicios<\/h4>\n<p>NotaryPublic24.com es un proveedor de Servicios notariales en l\u00ednea. Facilitamos la notarizaci\u00f3n y el apostillado de documentos. Tenga en cuenta que una apostilla no es una verificaci\u00f3n del contenido de dichos documentos.  <\/p>\n<h4>Limitaci\u00f3n de responsabilidad y exenci\u00f3n de garant\u00eda<\/h4>\n<p>No podemos garantizar que un tercero que revise documentos notarizados por nuestros Servicios los acepte. No asumimos ninguna responsabilidad por la negativa de un tercero a aceptar un documento notarizado a trav\u00e9s de nuestros Servicios. No obstante, le devolveremos el dinero si un pa\u00eds que forma parte del Convenio de La Haya se niega por alg\u00fan motivo a aceptar el documento apostillado.<\/p>\n<p>Asimismo, NotaryPublic24.com no verifica el contenido de los documentos que desea notarizar. El trabajo de un notario consiste en dar fe de la firma de documentos y verificar la identidad de los firmantes, no en garantizar la exactitud o legalidad de los propios documentos, aparte de dar fe de ellos.<\/p>\n<h4>Pol\u00edtica de privacidad<\/h4>\n<p>Su privacidad es importante para nosotros. Nuestra Pol\u00edtica de privacidad se incorpora por referencia a estas Condiciones y proporciona m\u00e1s informaci\u00f3n sobre la recogida y uso de sus datos. <\/p>\n<p>&nbsp;<\/p>\n<p>Para conocer todos los detalles sobre c\u00f3mo tratamos sus datos y sus derechos, lea nuestra <a href=\"https:\/\/notarypublic24.com\/privacy-policy\"><strong>Pol\u00edtica de privacidad<\/strong><\/a>.<\/p>\n<p>&nbsp;<\/p>\n<h4>Conducta del usuario<\/h4>\n<p>Al utilizar este Sitio Web, se compromete a no falsificar documentos, inducir a error o enga\u00f1ar a NotaryPublic24.com o a los notarios que trabajan a trav\u00e9s de este Sitio Web. Cualquiera de estas actividades dar\u00e1 lugar a la rescisi\u00f3n de los Servicios y podr\u00eda dar lugar a acciones legales. <\/p>\n<h4>Rescisi\u00f3n de los Servicios<\/h4>\n<p>Nos reservamos el derecho a rescindir o suspender el acceso a nuestros Servicios, sin previo aviso, por conductas que consideremos que infringen estas Condiciones o son perjudiciales para nosotros, nuestros usuarios o terceros, o por cualquier otro motivo.<\/p>\n<h4>Cambios en las Condiciones<\/h4>\n<p>NotaryPublic24.com puede cambiar estas Condiciones cuando lo estime oportuno. Cuando lo hagamos, actualizaremos la fecha de \u00ab\u00daltima actualizaci\u00f3n\u00bb. El uso continuado de este Sitio Web tras la publicaci\u00f3n de cualquier cambio constituye la aceptaci\u00f3n de dichos cambios.  <\/p>\n<h4>Informaci\u00f3n de contacto<\/h4>\n<p>Para cualquier pregunta sobre estas Condiciones, p\u00f3ngase en contacto con nosotros en info@notarypublic24.com.<\/p>\n","protected":false},"excerpt":{"rendered":"<p>Cl\u00e1usulas y condiciones de NotaryPublic24.com \u00daltima actualizaci\u00f3n: 11\/09\/2023 IMPORTANTE: LEA DETENIDAMENTE ESTAS CL\u00c1USULAS Y CONDICIONES ANTES DE UTILIZAR ESTE SITIO WEB. Aceptaci\u00f3n de las condiciones Al acceder o utilizar el sitio web NotaryPublic24.com (en lo sucesivo, \u00abSitio Web\u00bb) y los servicios (en lo sucesivo, \u00abServicios\u00bb), acepta cumplir y quedar vinculado por estas cl\u00e1usulas y condiciones [&hellip;]<\/p>\n","protected":false},"author":14,"featured_media":0,"parent":0,"menu_order":0,"comment_status":"closed","ping_status":"closed","template":"","meta":{"_acf_changed":false,"footnotes":""},"categories":[],"class_list":["post-10768","page","type-page","status-publish","hentry"],"acf":[],"_links":{"self":[{"href":"https:\/\/www.notarypublic24.com\/es\/wp-json\/wp\/v2\/pages\/10768","targetHints":{"allow":["GET"]}}],"collection":[{"href":"https:\/\/www.notarypublic24.com\/es\/wp-json\/wp\/v2\/pages"}],"about":[{"href":"https:\/\/www.notarypublic24.com\/es\/wp-json\/wp\/v2\/types\/page"}],"author":[{"embeddable":true,"href":"https:\/\/www.notarypublic24.com\/es\/wp-json\/wp\/v2\/users\/14"}],"replies":[{"embeddable":true,"href":"https:\/\/www.notarypublic24.com\/es\/wp-json\/wp\/v2\/comments?post=10768"}],"version-history":[{"count":4,"href":"https:\/\/www.notarypublic24.com\/es\/wp-json\/wp\/v2\/pages\/10768\/revisions"}],"predecessor-version":[{"id":18916,"href":"https:\/\/www.notarypublic24.com\/es\/wp-json\/wp\/v2\/pages\/10768\/revisions\/18916"}],"wp:attachment":[{"href":"https:\/\/www.notarypublic24.com\/es\/wp-json\/wp\/v2\/media?parent=10768"}],"wp:term":[{"taxonomy":"category","embeddable":true,"href":"https:\/\/www.notarypublic24.com\/es\/wp-json\/wp\/v2\/categories?post=10768"}],"curies":[{"name":"wp","href":"https:\/\/api.w.org\/{rel}","templated":true}]}}